{"id":25,"date":"2019-10-19T19:03:49","date_gmt":"2019-10-19T22:03:49","guid":{"rendered":"http:\/\/wpoffice\/construction\/?page_id=25"},"modified":"2021-12-02T10:38:09","modified_gmt":"2021-12-02T13:38:09","slug":"service","status":"publish","type":"page","link":"http:\/\/www.casconsulting.com.ar\/?page_id=25","title":{"rendered":"Servicios"},"content":{"rendered":"<div style='padding-bottom:0px; ' class='av-special-heading av-special-heading-h2  blockquote modern-quote modern-centered  avia-builder-el-0  el_before_av_hr  avia-builder-el-first   '><h2 class='av-special-heading-tag '  itemprop=\"headline\"  >Nuestros servicios<\/h2><div class='special-heading-border'><div class='special-heading-inner-border' ><\/div><\/div><\/div>\n<div style=' margin-top:5px; margin-bottom:35px;'  class='hr hr-custom hr-center hr-icon-no   avia-builder-el-1  el_after_av_heading  el_before_av_heading  '><span class='hr-inner   inner-border-av-border-fat' style=' width:50px; border-color:#045366;' ><span class='hr-inner-style'><\/span><\/span><\/div>\n<div style='padding-bottom:0px; ' class='av-special-heading av-special-heading-h4  blockquote modern-quote  avia-builder-el-2  el_after_av_hr  el_before_av_hr   '><h4 class='av-special-heading-tag '  itemprop=\"headline\"  >CONSULTOR\u00cdA<\/h4><div class='special-heading-border'><div class='special-heading-inner-border' ><\/div><\/div><\/div>\n<div style=' margin-top:5px; margin-bottom:35px;'  class='hr hr-custom hr-center hr-icon-no   avia-builder-el-3  el_after_av_heading  el_before_av_one_half  '><span class='hr-inner   inner-border-av-border-fat' style=' width:300 px; border-color:#045366;' ><span class='hr-inner-style'><\/span><\/span><\/div>\n<div class=\"flex_column av_one_half  av-animated-generic bottom-to-top  flex_column_div av-zero-column-padding first  avia-builder-el-4  el_after_av_hr  el_before_av_one_half  \" style='border-radius:0px; '><p><div class='avia-image-container  av-styling-no-styling    avia-builder-el-5  el_before_av_heading  avia-builder-el-first   avia-align-center '  itemprop=\"image\" itemscope=\"itemscope\" itemtype=\"https:\/\/schema.org\/ImageObject\"  ><div class='avia-image-container-inner'><div class='avia-image-overlay-wrap'><a href='http:\/\/www.casconsulting.com.ar\/?page_id=23' class='avia_image'  ><img class='avia_image ' src='http:\/\/www.casconsulting.com.ar\/wp-content\/uploads\/2015\/10\/construction-site-machines-845x321.jpg' alt='' title='Construction site machines'  itemprop=\"thumbnailUrl\"  \/><\/a><\/div><\/div><\/div><br \/>\n<div style='padding-bottom:0px; ' class='av-special-heading av-special-heading-h3  blockquote modern-quote  avia-builder-el-6  el_after_av_image  el_before_av_hr   '><h3 class='av-special-heading-tag '  itemprop=\"headline\"  >Proyectos<\/h3><div class='special-heading-border'><div class='special-heading-inner-border' ><\/div><\/div><\/div><br \/>\n<div style=' margin-top:10px; margin-bottom:10px;'  class='hr hr-custom hr-left hr-icon-no   avia-builder-el-7  el_after_av_heading  el_before_av_textblock  '><span class='hr-inner   inner-border-av-border-fat' style=' width:50px; border-color:#045366;' ><span class='hr-inner-style'><\/span><\/span><\/div><br \/>\n<section class=\"av_textblock_section \"  itemscope=\"itemscope\" itemtype=\"https:\/\/schema.org\/CreativeWork\" ><div class='avia_textblock  '   itemprop=\"text\" ><ul>\n<li>Control de Proyectos<\/li>\n<li>Auditorias de Obras<\/li>\n<li>Pericias<\/li>\n<li>Pliegos<\/li>\n<li>Control y Determinaci\u00f3n de Costos<\/li>\n<li>Gesti\u00f3n y Aprobaci\u00f3n de Planos de Obra Nueva y Ajuste<\/li>\n<li>Optimizaci\u00f3n de Costos y Plazos de Obra<\/li>\n<\/ul>\n<\/div><\/section><\/p><\/div>\n<div class=\"flex_column av_one_half  av-animated-generic bottom-to-top  flex_column_div av-zero-column-padding   avia-builder-el-9  el_after_av_one_half  el_before_av_one_half  \" style='border-radius:0px; '><p><div class='avia-image-container  av-styling-no-styling    avia-builder-el-10  el_before_av_heading  avia-builder-el-first   avia-align-center '  itemprop=\"image\" itemscope=\"itemscope\" itemtype=\"https:\/\/schema.org\/ImageObject\"  ><div class='avia-image-container-inner'><div class='avia-image-overlay-wrap'><a href='http:\/\/www.casconsulting.com.ar\/?page_id=23' class='avia_image'  ><img class='avia_image ' src='http:\/\/www.casconsulting.com.ar\/wp-content\/uploads\/2015\/10\/urban-development-845x321.jpg' alt='real state' title='real state'  itemprop=\"thumbnailUrl\"  \/><\/a><\/div><\/div><\/div><br \/>\n<div style='padding-bottom:0px; ' class='av-special-heading av-special-heading-h3  blockquote modern-quote  avia-builder-el-11  el_after_av_image  el_before_av_hr   '><h3 class='av-special-heading-tag '  itemprop=\"headline\"  >Real State<\/h3><div class='special-heading-border'><div class='special-heading-inner-border' ><\/div><\/div><\/div><br \/>\n<div style=' margin-top:10px; margin-bottom:10px;'  class='hr hr-custom hr-left hr-icon-no   avia-builder-el-12  el_after_av_heading  el_before_av_textblock  '><span class='hr-inner   inner-border-av-border-fat' style=' width:50px; border-color:#045366;' ><span class='hr-inner-style'><\/span><\/span><\/div><br \/>\n<section class=\"av_textblock_section \"  itemscope=\"itemscope\" itemtype=\"https:\/\/schema.org\/CreativeWork\" ><div class='avia_textblock  '   itemprop=\"text\" ><ul>\n<li>Estudio del Mercado<\/li>\n<li>Evaluaci\u00f3n del Proyecto de Inversi\u00f3n<\/li>\n<li>B\u00fasquedas Objetivas de Inmuebles<\/li>\n<li>Tasaciones<\/li>\n<li>An\u00e1lisis del Mercado<\/li>\n<\/ul>\n<\/div><\/section><\/p><\/div>\n<div class=\"flex_column av_one_half  av-animated-generic bottom-to-top  flex_column_div av-zero-column-padding first  avia-builder-el-14  el_after_av_one_half  el_before_av_one_half  column-top-margin\" style='border-radius:0px; '><p><div class='avia-image-container  av-styling-no-styling    avia-builder-el-15  el_before_av_heading  avia-builder-el-first   avia-align-center '  itemprop=\"image\" itemscope=\"itemscope\" itemtype=\"https:\/\/schema.org\/ImageObject\"  ><div class='avia-image-container-inner'><div class='avia-image-overlay-wrap'><a href='http:\/\/www.casconsulting.com.ar\/?page_id=23' class='avia_image'  ><img class='avia_image ' src='http:\/\/www.casconsulting.com.ar\/wp-content\/uploads\/2019\/12\/habilitaciones-y-documentacion-845x321.jpg' alt='' title='habilitaciones y documentacion'  itemprop=\"thumbnailUrl\"  \/><\/a><\/div><\/div><\/div><br \/>\n<div style='padding-bottom:0px; ' class='av-special-heading av-special-heading-h3  blockquote modern-quote  avia-builder-el-16  el_after_av_image  el_before_av_hr   '><h3 class='av-special-heading-tag '  itemprop=\"headline\"  >Habilitaciones<\/h3><div class='special-heading-border'><div class='special-heading-inner-border' ><\/div><\/div><\/div><br \/>\n<div style=' margin-top:10px; margin-bottom:10px;'  class='hr hr-custom hr-left hr-icon-no   avia-builder-el-17  el_after_av_heading  el_before_av_textblock  '><span class='hr-inner   inner-border-av-border-fat' style=' width:50px; border-color:#045366;' ><span class='hr-inner-style'><\/span><\/span><\/div><br \/>\n<section class=\"av_textblock_section \"  itemscope=\"itemscope\" itemtype=\"https:\/\/schema.org\/CreativeWork\" ><div class='avia_textblock  '   itemprop=\"text\" ><ul>\n<li>An\u00e1lisis de Normativas<\/li>\n<li>Municipales<\/li>\n<li>C\u00f3digo de Habilitaci\u00f3n<\/li>\n<li>Edificaci\u00f3n y Planeamiento<\/li>\n<li>Confecci\u00f3n de Documentaci\u00f3n T\u00e9cnicas y Procesos hasta lograr la Habilitaci\u00f3n<\/li>\n<\/ul>\n<\/div><\/section><\/p><\/div>\n<div class=\"flex_column av_one_half  av-animated-generic bottom-to-top  flex_column_div av-zero-column-padding   avia-builder-el-19  el_after_av_one_half  el_before_av_one_half  column-top-margin\" style='border-radius:0px; '><p><div class='avia-image-container  av-styling-no-styling    avia-builder-el-20  el_before_av_heading  avia-builder-el-first   avia-align-center '  itemprop=\"image\" itemscope=\"itemscope\" itemtype=\"https:\/\/schema.org\/ImageObject\"  ><div class='avia-image-container-inner'><div class='avia-image-overlay-wrap'><a href='http:\/\/www.casconsulting.com.ar\/?page_id=23' class='avia_image'  ><img class='avia_image ' src='http:\/\/www.casconsulting.com.ar\/wp-content\/uploads\/2015\/10\/architect-handling-keys-to-a-couple-845x321.jpg' alt='' title='Architect handling keys to a couple'  itemprop=\"thumbnailUrl\"  \/><\/a><\/div><\/div><\/div><br \/>\n<div style='padding-bottom:0px; ' class='av-special-heading av-special-heading-h3  blockquote modern-quote  avia-builder-el-21  el_after_av_image  el_before_av_hr   '><h3 class='av-special-heading-tag '  itemprop=\"headline\"  >Instalaciones Especiales<\/h3><div class='special-heading-border'><div class='special-heading-inner-border' ><\/div><\/div><\/div><br \/>\n<div style=' margin-top:10px; margin-bottom:10px;'  class='hr hr-custom hr-left hr-icon-no   avia-builder-el-22  el_after_av_heading  el_before_av_textblock  '><span class='hr-inner   inner-border-av-border-fat' style=' width:50px; border-color:#045366;' ><span class='hr-inner-style'><\/span><\/span><\/div><br \/>\n<section class=\"av_textblock_section \"  itemscope=\"itemscope\" itemtype=\"https:\/\/schema.org\/CreativeWork\" ><div class='avia_textblock  '   itemprop=\"text\" ><ul>\n<li>Incendio, Inflamables, Electromec\u00e1nica, El\u00e9ctrica<\/li>\n<li>Asesoramiento previo hasta Gesti\u00f3n y Aprobaci\u00f3n<\/li>\n<\/ul>\n<\/div><\/section><\/p><\/div>\n<div class=\"flex_column av_one_half  av-animated-generic bottom-to-top  flex_column_div av-zero-column-padding first  avia-builder-el-24  el_after_av_one_half  el_before_av_heading  column-top-margin\" style='border-radius:0px; '><p><div class='avia-image-container  av-styling-no-styling    avia-builder-el-25  el_before_av_heading  avia-builder-el-first   avia-align-center '  itemprop=\"image\" itemscope=\"itemscope\" itemtype=\"https:\/\/schema.org\/ImageObject\"  ><div class='avia-image-container-inner'><div class='avia-image-overlay-wrap'><a href='http:\/\/www.casconsulting.com.ar\/?page_id=23' class='avia_image'  ><img class='avia_image ' src='http:\/\/www.casconsulting.com.ar\/wp-content\/uploads\/2019\/12\/estudio-impacto-ambiental-845x321.jpg' alt='' title='estudio impacto ambiental'  itemprop=\"thumbnailUrl\"  \/><\/a><\/div><\/div><\/div><br \/>\n<div style='padding-bottom:0px; ' class='av-special-heading av-special-heading-h3  blockquote modern-quote  avia-builder-el-26  el_after_av_image  el_before_av_hr   '><h3 class='av-special-heading-tag '  itemprop=\"headline\"  >Medio Ambiente<\/h3><div class='special-heading-border'><div class='special-heading-inner-border' ><\/div><\/div><\/div><br \/>\n<div style=' margin-top:10px; margin-bottom:10px;'  class='hr hr-custom hr-left hr-icon-no   avia-builder-el-27  el_after_av_heading  el_before_av_textblock  '><span class='hr-inner   inner-border-av-border-fat' style=' width:50px; border-color:#045366;' ><span class='hr-inner-style'><\/span><\/span><\/div><br \/>\n<section class=\"av_textblock_section \"  itemscope=\"itemscope\" itemtype=\"https:\/\/schema.org\/CreativeWork\" ><div class='avia_textblock  '   itemprop=\"text\" ><ul>\n<li>Estudio de Impacto Ambiental y Evaluaci\u00f3n del Medio Ambiente<\/li>\n<\/ul>\n<\/div><\/section><\/p><\/div>\n<div style='padding-bottom:0px; ' class='av-special-heading av-special-heading-h4  blockquote modern-quote  avia-builder-el-29  el_after_av_one_half  el_before_av_hr   '><h4 class='av-special-heading-tag '  itemprop=\"headline\"  >OBRAS CIVILES<\/h4><div class='special-heading-border'><div class='special-heading-inner-border' ><\/div><\/div><\/div>\n<div style=' margin-top:5px; margin-bottom:35px;'  class='hr hr-custom hr-center hr-icon-no   avia-builder-el-30  el_after_av_heading  el_before_av_one_half  '><span class='hr-inner   inner-border-av-border-fat' style=' width:300 px; border-color:#045366;' ><span class='hr-inner-style'><\/span><\/span><\/div>\n<div class=\"flex_column av_one_half  av-animated-generic bottom-to-top  flex_column_div av-zero-column-padding first  avia-builder-el-31  el_after_av_hr  el_before_av_one_half  \" style='border-radius:0px; '><p><div class='avia-image-container  av-styling-no-styling    avia-builder-el-32  el_before_av_heading  avia-builder-el-first   avia-align-center '  itemprop=\"image\" itemscope=\"itemscope\" itemtype=\"https:\/\/schema.org\/ImageObject\"  ><div class='avia-image-container-inner'><div class='avia-image-overlay-wrap'><a href='http:\/\/www.casconsulting.com.ar\/?page_id=23' class='avia_image'  ><img class='avia_image ' src='http:\/\/www.casconsulting.com.ar\/wp-content\/uploads\/2015\/10\/urban-development-845x321.jpg' alt='real state' title='real state'  itemprop=\"thumbnailUrl\"  \/><\/a><\/div><\/div><\/div><br \/>\n<div style='padding-bottom:0px; ' class='av-special-heading av-special-heading-h3  blockquote modern-quote  avia-builder-el-33  el_after_av_image  el_before_av_hr   '><h3 class='av-special-heading-tag '  itemprop=\"headline\"  >Proyectos<\/h3><div class='special-heading-border'><div class='special-heading-inner-border' ><\/div><\/div><\/div><br \/>\n<div style=' margin-top:10px; margin-bottom:10px;'  class='hr hr-custom hr-left hr-icon-no   avia-builder-el-34  el_after_av_heading  el_before_av_textblock  '><span class='hr-inner   inner-border-av-border-fat' style=' width:50px; border-color:#045366;' ><span class='hr-inner-style'><\/span><\/span><\/div><br \/>\n<section class=\"av_textblock_section \"  itemscope=\"itemscope\" itemtype=\"https:\/\/schema.org\/CreativeWork\" ><div class='avia_textblock  '   itemprop=\"text\" ><ul>\n<li>Proyecto de Espacio y Dise\u00f1os<\/li>\n<li>Requerimiento del Usuario<\/li>\n<li>Programas de Necesidades<\/li>\n<li>Layout<\/li>\n<li>Renders<\/li>\n<li>Documentaciones Constructivas<\/li>\n<li>Pliegos<\/li>\n<li>Ingenier\u00eda de Detalles<\/li>\n<li>B\u00fasqueda Inmobiliaria<\/li>\n<\/ul>\n<\/div><\/section><\/p><\/div>\n<div class=\"flex_column av_one_half  av-animated-generic bottom-to-top  flex_column_div av-zero-column-padding   avia-builder-el-36  el_after_av_one_half  el_before_av_one_half  \" style='border-radius:0px; '><p><div class='avia-image-container  av-styling-no-styling    avia-builder-el-37  el_before_av_heading  avia-builder-el-first   avia-align-center '  itemprop=\"image\" itemscope=\"itemscope\" itemtype=\"https:\/\/schema.org\/ImageObject\"  ><div class='avia-image-container-inner'><div class='avia-image-overlay-wrap'><a href='http:\/\/www.casconsulting.com.ar\/?page_id=23' class='avia_image'  ><img class='avia_image ' src='http:\/\/www.casconsulting.com.ar\/wp-content\/uploads\/2015\/10\/architect-handling-keys-to-a-couple-845x321.jpg' alt='' title='Architect handling keys to a couple'  itemprop=\"thumbnailUrl\"  \/><\/a><\/div><\/div><\/div><br \/>\n<div style='padding-bottom:0px; ' class='av-special-heading av-special-heading-h3  blockquote modern-quote  avia-builder-el-38  el_after_av_image  el_before_av_hr   '><h3 class='av-special-heading-tag '  itemprop=\"headline\"  >Construcci\u00f3n<\/h3><div class='special-heading-border'><div class='special-heading-inner-border' ><\/div><\/div><\/div><br \/>\n<div style=' margin-top:10px; margin-bottom:10px;'  class='hr hr-custom hr-left hr-icon-no   avia-builder-el-39  el_after_av_heading  el_before_av_textblock  '><span class='hr-inner   inner-border-av-border-fat' style=' width:50px; border-color:#045366;' ><span class='hr-inner-style'><\/span><\/span><\/div><br \/>\n<section class=\"av_textblock_section \"  itemscope=\"itemscope\" itemtype=\"https:\/\/schema.org\/CreativeWork\" ><div class='avia_textblock  '   itemprop=\"text\" ><ul>\n<li>Cumplimiento de Normativas<\/li>\n<li>Seguridad e Higiene<\/li>\n<li>Planos conforme a Obra<\/li>\n<li>Control de Presupuesto<\/li>\n<li>Tiempo de Obra<\/li>\n<li>Proyectos Industriales y\u00a0 Corporativos (llave en mano)<\/li>\n<li>Reubicaciones re-funcionalizaciones<\/li>\n<li>Obra civil<\/li>\n<\/ul>\n<\/div><\/section><\/p><\/div>\n<div class=\"flex_column av_one_half  av-animated-generic bottom-to-top  flex_column_div av-zero-column-padding first  avia-builder-el-41  el_after_av_one_half  avia-builder-el-last  column-top-margin\" style='border-radius:0px; '><p><div class='avia-image-container  av-styling-no-styling    avia-builder-el-42  el_before_av_heading  avia-builder-el-first   avia-align-center '  itemprop=\"image\" itemscope=\"itemscope\" itemtype=\"https:\/\/schema.org\/ImageObject\"  ><div class='avia-image-container-inner'><div class='avia-image-overlay-wrap'><a href='http:\/\/www.casconsulting.com.ar\/?page_id=23' class='avia_image'  ><img class='avia_image ' src='http:\/\/www.casconsulting.com.ar\/wp-content\/uploads\/2019\/12\/data-center-845x321.jpg' alt='' title='data center'  itemprop=\"thumbnailUrl\"  \/><\/a><\/div><\/div><\/div><br \/>\n<div style='padding-bottom:0px; ' class='av-special-heading av-special-heading-h3  blockquote modern-quote  avia-builder-el-43  el_after_av_image  el_before_av_hr   '><h3 class='av-special-heading-tag '  itemprop=\"headline\"  >Infraestructura para Empresas de Cable y Telecomunicaciones<\/h3><div class='special-heading-border'><div class='special-heading-inner-border' ><\/div><\/div><\/div><br \/>\n<div style=' margin-top:10px; margin-bottom:10px;'  class='hr hr-custom hr-left hr-icon-no   avia-builder-el-44  el_after_av_heading  el_before_av_textblock  '><span class='hr-inner   inner-border-av-border-fat' style=' width:50px; border-color:#045366;' ><span class='hr-inner-style'><\/span><\/span><\/div><br \/>\n<section class=\"av_textblock_section \"  itemscope=\"itemscope\" itemtype=\"https:\/\/schema.org\/CreativeWork\" ><div class='avia_textblock  '   itemprop=\"text\" ><ul>\n<li>Proyecto de Ingenier\u00eda de Hubs<\/li>\n<li>Confecci\u00f3n de Pliegos de Licitaci\u00f3n<\/li>\n<li>Dise\u00f1o de Plantas de Power<\/li>\n<li>Cableado de Fibra \u00f3ptica y Cobre<\/li>\n<li>Cableados Estructurados y de Iluminaci\u00f3n<\/li>\n<li>Montaje de Racks, Circuitos Especiales de Electricidad en general<\/li>\n<li>Log\u00edstica y Mudanza<\/li>\n<li>Planificaci\u00f3n Estrat\u00e9gica<\/li>\n<li>Embalaje y Documentaci\u00f3n<\/li>\n<li>Supervisi\u00f3n y Traslado<\/li>\n<li>Asistencia<\/li>\n<\/ul>\n<\/div><\/section><\/p><\/div>\n","protected":false},"excerpt":{"rendered":"","protected":false},"author":1,"featured_media":0,"parent":0,"menu_order":0,"comment_status":"closed","ping_status":"closed","template":"","meta":[],"_links":{"self":[{"href":"http:\/\/www.casconsulting.com.ar\/index.php?rest_route=\/wp\/v2\/pages\/25"}],"collection":[{"href":"http:\/\/www.casconsulting.com.ar\/index.php?rest_route=\/wp\/v2\/pages"}],"about":[{"href":"http:\/\/www.casconsulting.com.ar\/index.php?rest_route=\/wp\/v2\/types\/page"}],"author":[{"embeddable":true,"href":"http:\/\/www.casconsulting.com.ar\/index.php?rest_route=\/wp\/v2\/users\/1"}],"replies":[{"embeddable":true,"href":"http:\/\/www.casconsulting.com.ar\/index.php?rest_route=%2Fwp%2Fv2%2Fcomments&post=25"}],"version-history":[{"count":23,"href":"http:\/\/www.casconsulting.com.ar\/index.php?rest_route=\/wp\/v2\/pages\/25\/revisions"}],"predecessor-version":[{"id":566,"href":"http:\/\/www.casconsulting.com.ar\/index.php?rest_route=\/wp\/v2\/pages\/25\/revisions\/566"}],"wp:attachment":[{"href":"http:\/\/www.casconsulting.com.ar\/index.php?rest_route=%2Fwp%2Fv2%2Fmedia&parent=25"}],"curies":[{"name":"wp","href":"https:\/\/api.w.org\/{rel}","templated":true}]}}